{"id":932,"date":"2019-07-16T12:54:26","date_gmt":"2019-07-16T09:54:26","guid":{"rendered":"https:\/\/islamophobiareport.com\/en\/index.php\/gallery\/"},"modified":"2026-04-13T09:03:12","modified_gmt":"2026-04-13T06:03:12","slug":"panels","status":"publish","type":"page","link":"https:\/\/islamophobiareport.com\/en\/index.php\/panels\/","title":{"rendered":"EVENTS"},"content":{"rendered":"<div class=\"wpb-content-wrapper\">[vc_row css=&#8221;.vc_custom_1569485326526{margin-top: 100px !important;padding-bottom: 100px !important;}&#8221; custom_styles_mobile=&#8221;.vc_custom_1569485326532{margin-top: 70px !important;padding-bottom: 50px !important;}&#8221;][vc_column]<div class='cws_textmodule_69e2fa2b94bcf cws_textmodule subtitle_above add_pattern add_divider divider_position_under'><div class='cws_textmodule_header'><div class='cws_textmodule_subtitle'>Global<\/div><div class='cws_textmodule_title_wrapper'><h3 class='cws_textmodule_title'><span class='cws_textmodule_title_pattern'>Islamophobia Panels &amp; Events<\/span><\/h3><\/div><\/div><div class='cws_textmodule_divider'><div class='cws_textmodule_divider_icon'><div class='cws_textmodule_divider_icon_large'><\/div><\/div><\/div><\/div>[vc_column_text css=&#8221;&#8221;]<strong>Events<\/strong><\/p>\n<p><strong>2026<\/strong><\/p>\n<ul>\n<li>Human Rights and Equality Institution of T\u00fcrkiye (T\u0130HEK): \u201cFrom Hate Speech to Discrimination: Combating Islamophobia\u201d Panel on 12 March 2026, in Ankara<\/li>\n<\/ul>\n<p><strong>2025<\/strong><\/p>\n<ul>\n<li>Organisation of Islamic Cooperation (OIC): SESRIC Talks: \u201cCommemoration of International Day to Combat Islamophobia\u201d on 18 March 2025, in Ankara<\/li>\n<\/ul>\n<p><strong>Participants:<\/strong> Ambassador Mehmet PA\u00c7ACI, Special Envoy of the OIC Secretary General on Islamophobia; the report&#8217;s editor Enes Bayrakl\u0131 and individual report contributor Amina Smits Akilma (Belgium).<\/p>\n<ul>\n<li>House of Commons: \u201cEuropean Islamophobia Report 2023 Main Findings\u201d Panel on 17 June 2025, in London<\/li>\n<\/ul>\n<p><strong>Participants:<\/strong> MP Afzal Khan, Vice-Chair of the All-Party Parliamentary Group on British Muslims, the report&#8217;s editor Enes Bayrakl\u0131 and individual report contributors Kawtar Najib (France), Aristotle Kallis (UK) and Amani Hassani (Denmark).<\/p>\n<ul>\n<li>Human Rights and Equality Institution of T\u00fcrkiye (T\u0130HEK): \u201c15 March International Day to Combat Islamophobia\u201d Panel on 14 March 2025, in Ankara<\/li>\n<\/ul>\n<p><strong>Participants:<\/strong> MP Adem Y\u0131ld\u0131r\u0131m, The Chairman of the Subcommittee on Islamophobia and Racism of the Turkish Grand National Assembly Human Rights Investigation Commission; T\u0130HEK Chairman Prof. Muharrem K\u0131l\u0131\u00e7; the report&#8217;s editor Enes Bayrakl\u0131 and Dr. Hilal Bar\u0131n from Ankara Hac\u0131 Bayram Veli University.<\/p>\n<ul>\n<li>3rd International Conference on Combating Islamophobia, \u201cPresentation of European Islamophobia Report 2023\u201d on 27 May 2025, in Baku<\/li>\n<li><a href=\"https:\/\/www.youtube.com\/watch?v=-wmZgTVNtjk&amp;t=7s\">Online \u201cPresentation<\/a> of European Islamophobia Report 2024\u201d Panel, on 19 December 2025<\/li>\n<\/ul>\n<p><strong>Participants:<\/strong> Ahmad Shaheed, Former UN Special Rapporteur on Freedom of Religion or Belief; the report&#8217;s editors Farid Hafez and Enes Bayrakl\u0131; individual report contributors Tahir Abbas (Netherlands), Cora Alexa D\u00f8ving (Norway) and Amina Smits Akilma (Belgium).<\/p>\n<p><strong>2024<\/strong><\/p>\n<ul>\n<li>\u201cCombating Islamophobia in Contemporary World\u201d Panel Organised by the Consulates General of Indonesia, Pakistan and T\u00fcrkiye, on 5 June 2024, in New York.<\/li>\n<\/ul>\n<p><strong>Participants:<\/strong> Dr. Amra Sabic-El-Rayess Executive Director, International Interfaith Research Lab, Assoc. the report&#8217;s editor Enes Bayrakl\u0131, Dr. Imam Shamsi Ali and Mr. Raza Ahmad Rumi.<\/p>\n<ul>\n<li><a href=\"https:\/\/www.youtube.com\/watch?v=-wmZgTVNtjk&amp;t=7s\">Online \u201cPresentation<\/a> of European Islamophobia Report 2023\u201d Panel, on 21 December 2024<\/li>\n<\/ul>\n<p><strong>Participants: <\/strong>The report&#8217;s editors Farid Hafez and Enes Bayrakl\u0131; individual report contributors Nadia Lahdili (Switzerland), Kawtar Najib (France) and Hikmet Karc\u030cic\u0301&nbsp;(Bosnia-Herzegovina).<\/p>\n<p><strong>2023<\/strong><\/p>\n<ul>\n<li>The European Network on Religion and Belief (ENORB): \u201cEuropean Islamophobia Report 2022: Findings &amp; Next Step Actions\u201d, 17 May 2023 (virtual)<\/li>\n<\/ul>\n<p><strong>Participants:<\/strong> Member of the European Parliament (MEP) Jo\u00e3o Albuquerque; the report\u2019s editor Farid Hafez; individual report contributors Kawtar Najib (France) and Enrique Tessieri (Finland); ENORB&#8217;s Anti-Religious Hatreds &amp; Intolerance Intern Ozge Atmis and Director Mark Ereira-Guyer.<\/p>\n<ul>\n<li>Mapping the Impact of Religious Discrimination on Women and Youth Panel: \u201cPresentation of the European Islamophobia Report Findings\u201d&nbsp;at&nbsp;the 53rd Session of Human Rights Council on 11 July 2023, in Geneva<\/li>\n<\/ul>\n<p><strong>Participants:<\/strong> Ambassador Nassima Baghli, Permanent Observer of the OIC Mission in Geneva; Ms. Tehmina Janjua, Former Foreign Secretary of Pakistan; Prof. Dr. Surinderpal Kaul, Dean of the Faculty of Languages and Linguistics, University of Malaya; Ambassador Hakan Kivan\u00e7, Deputy Permanent Representative, Republic of T\u00fcrkiye; Reem Alsalem, Special Rapporteur on Violence Against Women and Girls and the report&#8217;s editor Enes Bayrakl\u0131.<\/p>\n<ul>\n<li><a href=\"https:\/\/www.youtube.com\/watch?v=-wmZgTVNtjk&amp;t=7s\">Online \u201cPresentation<\/a> of European Islamophobia Report 2022\u201d Panel, on 21 March 2023<\/li>\n<\/ul>\n<p><strong>Participants: <\/strong>The report&#8217;s editors Farid Hafez and Enes Bayrakl\u0131; individual report contributors Amina Smitz (Belgium), Kawtar Najib (France) and Jeroen Vlug (Netherlands)<\/p>\n<p><strong>2022<\/strong><\/p>\n<ul>\n<li>The European Network on Religion and Belief (ENORB): \u201cPresentation of the European Islamophobia Report 2021: The Latest Findings\u201d, 21 September 2022 (virtual)<\/li>\n<\/ul>\n<p><strong>Participants:<\/strong> The report&#8217;s editors Farid Hafez and Enes Bayrakl\u0131, individual report contributors Amani Hassani (Denmark) and Anna Ardin (Sweden).<\/p>\n<ul>\n<li>\u201c<a href=\"https:\/\/www.youtube.com\/watch?v=-wmZgTVNtjk&amp;t=7s\">Presentation<\/a> of European Islamophobia Report 2021\u201d Panel, on 1 January 2022, in Berlin.<\/li>\n<\/ul>\n<p><strong>Participants:<\/strong> The report&#8217;s editor Enes Bayrakl\u0131, individual report contributors Aziz Nazmi Sakir (Bulgaria) and Ali Huseyinoglu (Greece).<\/p>\n<ul>\n<li>Presentation of Austria Country Report of European Islamophobia Report, 8<sup>th<\/sup> Paris International Islamophobia Conference, on 15 January 2022<\/li>\n<li>Casa \u00c1rabe Consortium:&nbsp;\u201cIslamophobia in Southern Europe\u201d Panel, on 16 September 2022, in Madrid<\/li>\n<\/ul>\n<p><strong>Participants:<\/strong> The report&#8217;s editor Enes Bayrakl\u0131 and individual report contributors Alexandros Skalleriou&nbsp;(Greece),&nbsp;Sara Ezebe&nbsp;(Malta) and&nbsp;Sergio Gracia&nbsp;(Spain).<\/p>\n<p><strong>2021<\/strong><\/p>\n<ul>\n<li>\u201cPresentation of European Islamophobia Report\u201d, ENAR, CCIE, Dokustelle, on 29 December 2021 (via Zoom)<\/li>\n<li>The Grand National Assembly of T\u00fcrkiye (TBMM), \u201cRising Racism and Islamophobia in European Countries\u201d Presentation&nbsp;at Committee on Human Rights Inquiry, on 25 March 2021, in Ankara.<\/li>\n<li><a href=\"https:\/\/www.youtube.com\/watch?v=-wmZgTVNtjk&amp;t=7s\">Online \u201cPresentation<\/a> of European Islamophobia Report 2021\u201d Panel, on 29 December 2021<\/li>\n<\/ul>\n<p><strong>Participants: <\/strong>The report&#8217;s editors Farid Hafez and Enes Bayrakl\u0131; individual report contributors Amina Smitz (Belgium) and Amani Hassani (Denmark).<\/p>\n<p><strong>2020<\/strong><\/p>\n<ul>\n<li>European Parliament: \u201cCountering Anti-Muslim Racism in Europe\u201d Panel on 21 January 2020 in&nbsp;Brussels<\/li>\n<\/ul>\n<p><strong>Participants:<\/strong> Member of the European Parliament (MEP); the report&#8217;s editors Farid Hafez and Enes Bayrakl\u0131; individual report contributors Amina Easat-Daas (Belgium) and Aristotle Kallis (UK); Alfred Alietti (University of Ferrara) and Carmen Augilera (University of Granada).<\/p>\n<ul>\n<li>SETA: Opening Panel \u201cPresentation of the European Islamophobia Report 2019\u201d, on 20 June 2020, in Ankara<\/li>\n<\/ul>\n<p><strong>Participants:<\/strong> Fahrettin Altun, Communications Director of the Republic of T\u00fcrkiye; SETA General Coordinator Burhanettin Duran; the report&#8217;s editors Farid Hafez and Enes Bayrakl\u0131; individual report contributors Amina Easat-Daas (Belgium), Amina Smits Akilma (Belgium) and Hikmet Karc\u030cic\u0301&nbsp;(Bosnia-Herzegovina).<\/p>\n<p><strong>2019<\/strong><\/p>\n<ul>\n<li>Council of Europe: \u201cThe State of Anti-Muslim Racism in Europe\u201d Panel, on 21 January 2019, in Strasburg (PACE Side Event)<\/li>\n<\/ul>\n<p><strong>Participants:<\/strong> Yasser Louati, Civil Right Activist and President of Justice, Freedom Committee (CJL); the report&#8217;s editors Farid Hafez and Enes Bayrakl\u0131 and individual report contributor James Carr (Ireland).<\/p>\n<ul>\n<li>European Parliament: \u201cCountering Anti-Muslim Racism in Europe\u201d Panel, on&nbsp;27&nbsp;February&nbsp;2019, in&nbsp;Brussels<\/li>\n<\/ul>\n<p><strong>Participants<\/strong>: Member of the European Parliament (MEP) Wajid Khan (S&amp;D Group of the European Parliament); the report&#8217;s editors Farid Hafez and Enes Bayrakl\u0131; individual report contributors Selma Muhic Dizdarevic (Czech Republic) and Amina Easat-Daas (Belgium)<\/p>\n<ul>\n<li>OSCE &#8211; Office for Democratic Institutions and Human Rights (ODIHR): Human Dimension Implementation Meeting \u201cPresentation of the&nbsp;European Islamophobia Report 2018\u201d Panel<strong>,<\/strong> on 24 September 2019, in Warsaw<\/li>\n<\/ul>\n<p><strong>Participants<\/strong>: Amb. Mehmet PA\u00c7ACI, the Personal Representative of the OSCE Chairmanship-in-Office on Combating Intolerance and Discrimination against Muslims; the report&#8217;s editors Farid Hafez and Enes Bayrakl\u0131; individual report contributors Enrique Tessieri (Finland) and Gabi G\u00f6bl (Hungary)<\/p>\n<ul>\n<li>SETA: Opening Panel \u201cPresentation of the European Islamophobia Report 2018\u201d, on 17 October 2019, in Ankara<\/li>\n<\/ul>\n<p><strong>Participants: <\/strong>The Deputy Minister of Foreign Affairs and Director of EU Affairs Ambassador Faruk Kaymakc\u0131<strong>; <\/strong>SETA General Coordinator Burhanettin Duran; the report&#8217;s editors Farid Hafez and Enes Bayrakl\u0131; individual report contributors Leyla Y\u0131ld\u0131r\u0131m (Netherlands) and Ali Huseyinoglu (Greece).<\/p>\n<ul>\n<li>Casa \u00c1rabe Consortium: \u201cHow to counter Islamophobia in Spain?\u201d Panel, on 19 March 2019, in Madrid<\/li>\n<\/ul>\n<p><strong>Participants: <\/strong>Pedro Mart\u00ednez-Avial, the General Director of Casa \u00c1rabe; Encarna Guti\u00e9rrez, the Secretary General of the FUNCI; Karim Hauser, Responsible for International Policy and the Islamophobia in the Media Observatory at Casa \u00c1rabe; Alfonso Casani, Researcher at FUNCI; Carmen Aguilera from the University of Granada and the report&#8217;s editor Enes Bayrakl\u0131.<\/p>\n<p><strong>2018<\/strong><\/p>\n<ul>\n<li>OSCE &#8211; Office for Democratic Institutions and Human Rights (ODIHR): Human Dimension Implementation Meeting \u201cPresentation of the&nbsp;European Islamophobia Report 2017\u201d Panel<strong>,<\/strong> 10\u201321 September 2018, in Warsaw<\/li>\n<li>The Center for Race &amp; Gender at the University of California, Berkeley: \u201cIslamophobia and the Re-Rise of the Far Right in Europe!\u201d Panel at the 9th Annual International Conference on Islamophobia on 29 April 2018<\/li>\n<li>The Center for Security, Race and Rights at Rutgers University: \u201cPresentation of European Islamophobia Report 2017\u201d Panel on 2 October 2018, in New Jersey<\/li>\n<li>Georgetown University (The Bridge Initiative): \u201cThe Presentation of the&nbsp;European Islamophobia Report 2017\u201d on 1 October 2018, in Washington.<\/li>\n<\/ul>\n<p><strong>2017<\/strong><\/p>\n<ul>\n<li>OSCE &#8211; Office for Democratic Institutions and Human Rights (ODIHR): Human Dimension Implementation Meeting \u201cPresentation of the&nbsp;European Islamophobia Report 2017\u201d Panel<strong>,<\/strong> on 15 September 2017, in Warsaw<\/li>\n<\/ul>\n<p><strong>Participants:<\/strong> Dermana Seta, ODIHR Adviser on Combating Intolerance and Discrimination against Muslims; the report&#8217;s editors Farid Hafez and Enes Bayrakl\u0131<\/p>\n<ul>\n<li>Center for Race and Gender at the University of California, Berkeley: \u201cTransnational Islamophobia Conference, Reflections on the European Islamophobia Report\u201d, on 9 December 2017, in Paris.<\/li>\n<\/ul>\n<p><strong>2016<\/strong><\/p>\n<ul>\n<li>The European Islamophobia Summit in Sarajevo:&nbsp;\u201cPresentation of the European Islamophobia Report Findings\u201d Panel, 24-26 June 2016, in Sarajevo.<\/li>\n<li>European Parliament: \u201cPresentation of European Islamophobia Report 2015\u201d Panel, on 3 May 2016, in Brussels<\/li>\n<\/ul>\n<p><strong>Participants:<\/strong> Member of the European Parliament (MEP) Josef Weidenholzer; MEP Afzal Khan (S&amp;D President\u2019s Special Representative to Muslim Communities); editors Farid Hafez and Enes Bayrakl\u0131; individual report contributors Anna-Esther Younes (Germany) and Amina Easat-Daas (Belgium).<\/p>\n<ul>\n<li>SETA: \u201cThe European Islamophobia Report 2015 &#8211; Launch\u201d Panel on 21 March 2016, in Ankara<\/li>\n<\/ul>\n<p><strong>Participants:<\/strong> Presidential Spokesperson \u0130brahim Kal\u0131n; SETA General Coordinator Burhanettin Duran; the report&#8217;s editors Farid Hafez and Enes Bayrakl\u0131; individual report contributors Anna Esther Younes (Germany) and Olivier Esteves (France).[\/vc_column_text][\/vc_column][\/vc_row]\n<\/div>","protected":false},"excerpt":{"rendered":"<p>[vc_row css=&#8221;.vc_custom_1569485326526{margin-top: 100px !important;padding-bottom: 100px !important;}&#8221; custom_styles_mobile=&#8221;.vc_custom_1569485326532{margin-top: 70px !important;padding-bottom: 50px !important;}&#8221;][vc_column][vc_column_text css=&#8221;&#8221;]Events 2026 Human Rights and Equality Institution of T\u00fcrkiye (T\u0130HEK): \u201cFrom Hate Speech to Discrimination: Combating Islamophobia\u201d Panel on 12 March 2026, in Ankara 2025 Organisation of Islamic Cooperation (OIC): SESRIC Talks: \u201cCommemoration of International Day to Combat Islamophobia\u201d on 18 March 2025, in Ankara Participants: Ambassador Mehmet PA\u00c7ACI, Special Envoy of the OIC Secretary General on Islamophobia; the report&#8217;s editor Enes Bayrakl\u0131 and individual report contributor Amina Smits Akilma (Belgium). House of Commons: \u201cEuropean Islamophobia Report 2023 Main Findings\u201d Panel on 17 June 2025, in London Participants: MP Afzal Khan, Vice-Chair of the All-Party Parliamentary Group on British Muslims, the report&#8217;s editor Enes Bayrakl\u0131 and individual report contributors Kawtar Najib (France), Aristotle Kallis (UK) and Amani Hassani (Denmark). Human Rights and Equality Institution of T\u00fcrkiye (T\u0130HEK): \u201c15 March International Day to Combat Islamophobia\u201d Panel on 14 March 2025, in Ankara Participants: MP Adem Y\u0131ld\u0131r\u0131m, The Chairman of the Subcommittee on Islamophobia and Racism of the Turkish Grand National Assembly Human Rights Investigation Commission; T\u0130HEK Chairman Prof. Muharrem K\u0131l\u0131\u00e7; the report&#8217;s editor Enes Bayrakl\u0131 and Dr. Hilal Bar\u0131n from Ankara Hac\u0131 Bayram Veli University. 3rd International Conference on Combating Islamophobia, \u201cPresentation of European Islamophobia Report 2023\u201d on 27 May 2025, in Baku Online \u201cPresentation of European Islamophobia Report 2024\u201d Panel, on 19 December 2025 Participants: Ahmad Shaheed, Former UN Special Rapporteur on Freedom of Religion or Belief; the report&#8217;s editors Farid Hafez and Enes Bayrakl\u0131; individual report contributors Tahir Abbas (Netherlands), Cora Alexa D\u00f8ving (Norway) and Amina Smits Akilma (Belgium). 2024 \u201cCombating Islamophobia in Contemporary World\u201d Panel Organised by the Consulates General of Indonesia, Pakistan and T\u00fcrkiye, on 5 June 2024, in New York. Participants: Dr. Amra Sabic-El-Rayess Executive Director, International Interfaith Research Lab, Assoc. the report&#8217;s editor Enes Bayrakl\u0131, Dr. Imam Shamsi Ali and Mr. Raza Ahmad Rumi. Online \u201cPresentation of European Islamophobia Report 2023\u201d Panel, on 21 December 2024 Participants: The report&#8217;s editors Farid Hafez and Enes Bayrakl\u0131; individual report contributors Nadia Lahdili (Switzerland), Kawtar Najib (France) and Hikmet Karc\u030cic\u0301&nbsp;(Bosnia-Herzegovina). 2023 The European Network on Religion and Belief (ENORB): \u201cEuropean Islamophobia Report 2022: Findings &amp; Next Step Actions\u201d, 17 May 2023 (virtual) Participants: Member of the European Parliament (MEP) Jo\u00e3o Albuquerque; the report\u2019s editor Farid Hafez; individual report contributors Kawtar Najib (France) and Enrique Tessieri (Finland); ENORB&#8217;s Anti-Religious Hatreds &amp; Intolerance Intern Ozge Atmis and Director Mark Ereira-Guyer. Mapping the Impact of Religious Discrimination on Women and Youth Panel: \u201cPresentation of the European Islamophobia Report Findings\u201d&nbsp;at&nbsp;the 53rd Session of Human Rights Council on 11 July 2023, in Geneva Participants: Ambassador Nassima Baghli, Permanent Observer of the OIC Mission in Geneva; Ms. Tehmina Janjua, Former Foreign Secretary of Pakistan; Prof. Dr. Surinderpal Kaul, Dean of the Faculty of Languages and Linguistics, University of Malaya; Ambassador Hakan Kivan\u00e7, Deputy Permanent Representative, Republic of T\u00fcrkiye; Reem Alsalem, Special Rapporteur on Violence Against Women and Girls and the report&#8217;s editor Enes Bayrakl\u0131. Online \u201cPresentation of European Islamophobia Report 2022\u201d Panel, on 21 March 2023 Participants: The report&#8217;s editors Farid Hafez and Enes Bayrakl\u0131; individual report contributors Amina Smitz (Belgium), Kawtar Najib (France) and Jeroen Vlug (Netherlands) 2022 The European Network on Religion and Belief (ENORB): \u201cPresentation of the European Islamophobia Report 2021: The Latest Findings\u201d, 21 September 2022 (virtual) Participants: The report&#8217;s editors Farid Hafez and Enes Bayrakl\u0131, individual report contributors Amani Hassani (Denmark) and Anna Ardin (Sweden). \u201cPresentation of European Islamophobia Report 2021\u201d Panel, on 1 January 2022, in Berlin. Participants: The report&#8217;s editor Enes Bayrakl\u0131, individual report contributors Aziz Nazmi Sakir (Bulgaria) and Ali Huseyinoglu (Greece). Presentation of Austria Country Report of European Islamophobia Report, 8th Paris International Islamophobia Conference, on 15 January 2022 Casa \u00c1rabe Consortium:&nbsp;\u201cIslamophobia in Southern Europe\u201d Panel, on 16 September 2022, in Madrid Participants: The report&#8217;s editor Enes Bayrakl\u0131 and individual report contributors Alexandros Skalleriou&nbsp;(Greece),&nbsp;Sara Ezebe&nbsp;(Malta) and&nbsp;Sergio Gracia&nbsp;(Spain). 2021 \u201cPresentation of European Islamophobia Report\u201d, ENAR, CCIE, Dokustelle, on 29 December 2021 (via Zoom) The Grand National Assembly of T\u00fcrkiye (TBMM), \u201cRising Racism and Islamophobia in European Countries\u201d Presentation&nbsp;at Committee on Human Rights Inquiry, on 25 March 2021, in Ankara. Online \u201cPresentation of European Islamophobia Report 2021\u201d Panel, on 29 December 2021 Participants: The report&#8217;s editors Farid Hafez and Enes Bayrakl\u0131; individual report contributors Amina Smitz (Belgium) and Amani Hassani (Denmark). 2020 European Parliament: \u201cCountering Anti-Muslim Racism in Europe\u201d Panel on 21 January 2020 in&nbsp;Brussels Participants: Member of the European Parliament (MEP); the report&#8217;s editors Farid Hafez and Enes Bayrakl\u0131; individual report contributors Amina Easat-Daas (Belgium) and Aristotle Kallis (UK); Alfred Alietti (University of Ferrara) and Carmen Augilera (University of Granada). SETA: Opening Panel \u201cPresentation of the European Islamophobia Report 2019\u201d, on 20 June 2020, in Ankara Participants: Fahrettin Altun, Communications Director of the Republic of T\u00fcrkiye; SETA General Coordinator Burhanettin Duran; the report&#8217;s editors Farid Hafez and Enes Bayrakl\u0131; individual report contributors Amina Easat-Daas (Belgium), Amina Smits Akilma (Belgium) and Hikmet Karc\u030cic\u0301&nbsp;(Bosnia-Herzegovina). 2019 Council of Europe: \u201cThe State of Anti-Muslim Racism in Europe\u201d Panel, on 21 January 2019, in Strasburg (PACE Side Event) Participants: Yasser Louati, Civil Right Activist and President of Justice, Freedom Committee (CJL); the report&#8217;s editors Farid Hafez and Enes Bayrakl\u0131 and individual report contributor James Carr (Ireland). European Parliament: \u201cCountering Anti-Muslim Racism in Europe\u201d Panel, on&nbsp;27&nbsp;February&nbsp;2019, in&nbsp;Brussels Participants: Member of the European Parliament (MEP) Wajid Khan (S&amp;D Group of the European Parliament); the report&#8217;s editors Farid Hafez and Enes Bayrakl\u0131; individual report contributors Selma Muhic Dizdarevic (Czech Republic) and Amina Easat-Daas (Belgium) OSCE &#8211; Office for Democratic Institutions and Human Rights (ODIHR): Human Dimension Implementation Meeting \u201cPresentation of the&nbsp;European Islamophobia Report 2018\u201d Panel, on 24 September 2019, in Warsaw Participants: Amb. Mehmet PA\u00c7ACI, the Personal Representative of the OSCE Chairmanship-in-Office on Combating Intolerance and Discrimination against Muslims; the report&#8217;s editors Farid Hafez and Enes Bayrakl\u0131; individual report contributors Enrique Tessieri (Finland) and Gabi G\u00f6bl (Hungary) SETA: Opening Panel \u201cPresentation of the European Islamophobia Report 2018\u201d, on 17 October 2019, in Ankara Participants: The Deputy Minister of Foreign Affairs and Director of EU Affairs Ambassador Faruk Kaymakc\u0131; SETA General Coordinator Burhanettin Duran; the report&#8217;s editors Farid Hafez and Enes Bayrakl\u0131; individual report contributors Leyla Y\u0131ld\u0131r\u0131m (Netherlands) and Ali Huseyinoglu (Greece). Casa \u00c1rabe Consortium: \u201cHow to counter Islamophobia in Spain?\u201d Panel, on 19 March 2019, in Madrid Participants: Pedro Mart\u00ednez-Avial, the General Director of Casa \u00c1rabe; Encarna Guti\u00e9rrez, the Secretary General of the FUNCI; Karim Hauser, Responsible for International Policy and the Islamophobia in the Media Observatory at Casa \u00c1rabe; Alfonso Casani, Researcher at FUNCI; Carmen Aguilera from the University of Granada and the report&#8217;s editor Enes Bayrakl\u0131. 2018 OSCE &#8211; Office for Democratic Institutions and Human Rights (ODIHR): Human Dimension Implementation Meeting \u201cPresentation of the&nbsp;European Islamophobia Report 2017\u201d Panel, 10\u201321 September 2018, in Warsaw The Center for Race &amp; Gender at the University of California, Berkeley: \u201cIslamophobia and the Re-Rise of the Far Right in Europe!\u201d Panel at the 9th Annual International Conference on Islamophobia on 29 April 2018 The Center for Security, Race and Rights at Rutgers University: \u201cPresentation of European Islamophobia Report 2017\u201d Panel on 2 October 2018, in New Jersey Georgetown University (The Bridge Initiative): \u201cThe Presentation of the&nbsp;European Islamophobia Report 2017\u201d on 1 October 2018, in Washington. 2017 OSCE &#8211; Office for Democratic Institutions and Human Rights (ODIHR): Human Dimension Implementation Meeting \u201cPresentation of the&nbsp;European Islamophobia Report 2017\u201d Panel, on 15 September 2017, in Warsaw Participants: Dermana Seta, ODIHR Adviser on Combating Intolerance and Discrimination against Muslims; the report&#8217;s editors Farid Hafez and Enes Bayrakl\u0131 Center for Race and Gender at the University of California, Berkeley: \u201cTransnational Islamophobia Conference, Reflections on the European Islamophobia Report\u201d, on 9 December 2017, in Paris. 2016 The European Islamophobia Summit in Sarajevo:&nbsp;\u201cPresentation of the European Islamophobia Report Findings\u201d Panel, 24-26 June 2016, in Sarajevo. European Parliament: \u201cPresentation of European Islamophobia Report 2015\u201d Panel, on 3 May 2016, in Brussels Participants: Member of the European Parliament (MEP) Josef Weidenholzer; MEP Afzal Khan (S&amp;D President\u2019s Special Representative to Muslim Communities); editors Farid Hafez and Enes Bayrakl\u0131; individual report contributors Anna-Esther Younes (Germany) and Amina Easat-Daas (Belgium). SETA: \u201cThe European Islamophobia Report 2015 &#8211; Launch\u201d Panel on 21 March 2016, in Ankara Participants: Presidential Spokesperson \u0130brahim Kal\u0131n; SETA General Coordinator Burhanettin Duran; the report&#8217;s editors Farid Hafez and Enes Bayrakl\u0131; individual report contributors Anna Esther Younes (Germany) and Olivier Esteves (France).[\/vc_column_text][\/vc_column][\/vc_row]<\/p>\n","protected":false},"author":1,"featured_media":0,"parent":0,"menu_order":0,"comment_status":"closed","ping_status":"closed","template":"","meta":{"footnotes":""},"class_list":["post-932","page","type-page","status-publish","hentry"],"_links":{"self":[{"href":"https:\/\/islamophobiareport.com\/en\/index.php\/wp-json\/wp\/v2\/pages\/932","targetHints":{"allow":["GET"]}}],"collection":[{"href":"https:\/\/islamophobiareport.com\/en\/index.php\/wp-json\/wp\/v2\/pages"}],"about":[{"href":"https:\/\/islamophobiareport.com\/en\/index.php\/wp-json\/wp\/v2\/types\/page"}],"author":[{"embeddable":true,"href":"https:\/\/islamophobiareport.com\/en\/index.php\/wp-json\/wp\/v2\/users\/1"}],"replies":[{"embeddable":true,"href":"https:\/\/islamophobiareport.com\/en\/index.php\/wp-json\/wp\/v2\/comments?post=932"}],"version-history":[{"count":15,"href":"https:\/\/islamophobiareport.com\/en\/index.php\/wp-json\/wp\/v2\/pages\/932\/revisions"}],"predecessor-version":[{"id":2586,"href":"https:\/\/islamophobiareport.com\/en\/index.php\/wp-json\/wp\/v2\/pages\/932\/revisions\/2586"}],"wp:attachment":[{"href":"https:\/\/islamophobiareport.com\/en\/index.php\/wp-json\/wp\/v2\/media?parent=932"}],"curies":[{"name":"wp","href":"https:\/\/api.w.org\/{rel}","templated":true}]}}